{"id":123,"date":"2019-09-05T16:09:50","date_gmt":"2019-09-05T14:09:50","guid":{"rendered":"http:\/\/weltrecht.de\/?page_id=120"},"modified":"2022-03-12T23:03:30","modified_gmt":"2022-03-12T22:03:30","slug":"family-office","status":"publish","type":"page","link":"https:\/\/weltrecht.de\/de\/family-office\/","title":{"rendered":"Family Office"},"content":{"rendered":"","protected":false},"excerpt":{"rendered":"","protected":false},"author":1,"featured_media":0,"parent":0,"menu_order":0,"comment_status":"closed","ping_status":"closed","template":"","meta":[],"yoast_head":"<!-- This site is optimized with the Yoast SEO plugin v18.3 - https:\/\/yoast.com\/wordpress\/plugins\/seo\/ -->\n<title>Family Office - Dr. Schwarz &amp; Collegen Rechtsanw\u00e4lte<\/title>\n<meta name=\"description\" content=\"Seit Jahren erf\u00fcllen wir erfolgreich die Funktionen eines Family Office, in dem sich seit 2007 ein nennenswerter Verm\u00f6gensbestand gebildet hat.\" \/>\n<meta name=\"robots\" content=\"index, follow, max-snippet:-1, max-image-preview:large, max-video-preview:-1\" \/>\n<link rel=\"canonical\" href=\"https:\/\/weltrecht.de\/de\/family-office\/\" \/>\n<meta property=\"og:locale\" content=\"de_DE\" \/>\n<meta property=\"og:type\" content=\"article\" \/>\n<meta property=\"og:title\" content=\"Family Office - Dr. Schwarz &amp; Collegen Rechtsanw\u00e4lte\" \/>\n<meta property=\"og:description\" content=\"Seit Jahren erf\u00fcllen wir erfolgreich die Funktionen eines Family Office, in dem sich seit 2007 ein nennenswerter Verm\u00f6gensbestand gebildet hat.\" \/>\n<meta property=\"og:url\" content=\"https:\/\/weltrecht.de\/de\/family-office\/\" \/>\n<meta property=\"og:site_name\" content=\"deutsch\" \/>\n<meta property=\"article:modified_time\" content=\"2022-03-12T22:03:30+00:00\" \/>\n<meta name=\"twitter:card\" content=\"summary_large_image\" \/>\n<script type=\"application\/ld+json\" class=\"yoast-schema-graph\">{\"@context\":\"https:\/\/schema.org\",\"@graph\":[{\"@type\":\"WebSite\",\"@id\":\"https:\/\/weltrecht.de\/de\/#website\",\"url\":\"https:\/\/weltrecht.de\/de\/\",\"name\":\"deutsch\",\"description\":\"Eine weitere Weltrecht Websites Website\",\"potentialAction\":[{\"@type\":\"SearchAction\",\"target\":{\"@type\":\"EntryPoint\",\"urlTemplate\":\"https:\/\/weltrecht.de\/de\/?s={search_term_string}\"},\"query-input\":\"required name=search_term_string\"}],\"inLanguage\":\"de\"},{\"@type\":\"WebPage\",\"@id\":\"https:\/\/weltrecht.de\/de\/family-office\/#webpage\",\"url\":\"https:\/\/weltrecht.de\/de\/family-office\/\",\"name\":\"Family Office - Dr. Schwarz & Collegen Rechtsanw\u00e4lte\",\"isPartOf\":{\"@id\":\"https:\/\/weltrecht.de\/de\/#website\"},\"datePublished\":\"2019-09-05T14:09:50+00:00\",\"dateModified\":\"2022-03-12T22:03:30+00:00\",\"description\":\"Seit Jahren erf\u00fcllen wir erfolgreich die Funktionen eines Family Office, in dem sich seit 2007 ein nennenswerter Verm\u00f6gensbestand gebildet hat.\",\"breadcrumb\":{\"@id\":\"https:\/\/weltrecht.de\/de\/family-office\/#breadcrumb\"},\"inLanguage\":\"de\",\"potentialAction\":[{\"@type\":\"ReadAction\",\"target\":[\"https:\/\/weltrecht.de\/de\/family-office\/\"]}]},{\"@type\":\"BreadcrumbList\",\"@id\":\"https:\/\/weltrecht.de\/de\/family-office\/#breadcrumb\",\"itemListElement\":[{\"@type\":\"ListItem\",\"position\":1,\"name\":\"Startseite\",\"item\":\"https:\/\/weltrecht.de\/de\/\"},{\"@type\":\"ListItem\",\"position\":2,\"name\":\"Family Office\"}]}]}<\/script>\n<!-- \/ Yoast SEO plugin. -->","yoast_head_json":{"title":"Family Office - Dr. Schwarz & Collegen Rechtsanw\u00e4lte","description":"Seit Jahren erf\u00fcllen wir erfolgreich die Funktionen eines Family Office, in dem sich seit 2007 ein nennenswerter Verm\u00f6gensbestand gebildet hat.","robots":{"index":"index","follow":"follow","max-snippet":"max-snippet:-1","max-image-preview":"max-image-preview:large","max-video-preview":"max-video-preview:-1"},"canonical":"https:\/\/weltrecht.de\/de\/family-office\/","og_locale":"de_DE","og_type":"article","og_title":"Family Office - Dr. Schwarz & Collegen Rechtsanw\u00e4lte","og_description":"Seit Jahren erf\u00fcllen wir erfolgreich die Funktionen eines Family Office, in dem sich seit 2007 ein nennenswerter Verm\u00f6gensbestand gebildet hat.","og_url":"https:\/\/weltrecht.de\/de\/family-office\/","og_site_name":"deutsch","article_modified_time":"2022-03-12T22:03:30+00:00","twitter_card":"summary_large_image","schema":{"@context":"https:\/\/schema.org","@graph":[{"@type":"WebSite","@id":"https:\/\/weltrecht.de\/de\/#website","url":"https:\/\/weltrecht.de\/de\/","name":"deutsch","description":"Eine weitere Weltrecht Websites Website","potentialAction":[{"@type":"SearchAction","target":{"@type":"EntryPoint","urlTemplate":"https:\/\/weltrecht.de\/de\/?s={search_term_string}"},"query-input":"required name=search_term_string"}],"inLanguage":"de"},{"@type":"WebPage","@id":"https:\/\/weltrecht.de\/de\/family-office\/#webpage","url":"https:\/\/weltrecht.de\/de\/family-office\/","name":"Family Office - Dr. Schwarz & Collegen Rechtsanw\u00e4lte","isPartOf":{"@id":"https:\/\/weltrecht.de\/de\/#website"},"datePublished":"2019-09-05T14:09:50+00:00","dateModified":"2022-03-12T22:03:30+00:00","description":"Seit Jahren erf\u00fcllen wir erfolgreich die Funktionen eines Family Office, in dem sich seit 2007 ein nennenswerter Verm\u00f6gensbestand gebildet hat.","breadcrumb":{"@id":"https:\/\/weltrecht.de\/de\/family-office\/#breadcrumb"},"inLanguage":"de","potentialAction":[{"@type":"ReadAction","target":["https:\/\/weltrecht.de\/de\/family-office\/"]}]},{"@type":"BreadcrumbList","@id":"https:\/\/weltrecht.de\/de\/family-office\/#breadcrumb","itemListElement":[{"@type":"ListItem","position":1,"name":"Startseite","item":"https:\/\/weltrecht.de\/de\/"},{"@type":"ListItem","position":2,"name":"Family Office"}]}]}},"_links":{"self":[{"href":"https:\/\/weltrecht.de\/de\/wp-json\/wp\/v2\/pages\/123"}],"collection":[{"href":"https:\/\/weltrecht.de\/de\/wp-json\/wp\/v2\/pages"}],"about":[{"href":"https:\/\/weltrecht.de\/de\/wp-json\/wp\/v2\/types\/page"}],"author":[{"embeddable":true,"href":"https:\/\/weltrecht.de\/de\/wp-json\/wp\/v2\/users\/1"}],"replies":[{"embeddable":true,"href":"https:\/\/weltrecht.de\/de\/wp-json\/wp\/v2\/comments?post=123"}],"version-history":[{"count":5,"href":"https:\/\/weltrecht.de\/de\/wp-json\/wp\/v2\/pages\/123\/revisions"}],"predecessor-version":[{"id":183,"href":"https:\/\/weltrecht.de\/de\/wp-json\/wp\/v2\/pages\/123\/revisions\/183"}],"wp:attachment":[{"href":"https:\/\/weltrecht.de\/de\/wp-json\/wp\/v2\/media?parent=123"}],"curies":[{"name":"wp","href":"https:\/\/api.w.org\/{rel}","templated":true}]}}