{"id":23,"date":"2019-07-23T14:08:11","date_gmt":"2019-07-23T12:08:11","guid":{"rendered":"http:\/\/weltrecht.de\/?page_id=23"},"modified":"2023-04-12T22:58:12","modified_gmt":"2023-04-12T20:58:12","slug":"leistungen","status":"publish","type":"page","link":"https:\/\/weltrecht.de\/de\/leistungen\/","title":{"rendered":"Leistungen"},"content":{"rendered":"","protected":false},"excerpt":{"rendered":"","protected":false},"author":1,"featured_media":0,"parent":0,"menu_order":0,"comment_status":"closed","ping_status":"closed","template":"","meta":[],"yoast_head":"<!-- This site is optimized with the Yoast SEO plugin v18.3 - https:\/\/yoast.com\/wordpress\/plugins\/seo\/ -->\n<title>Leistungen - Dr. Schwarz &amp; Collegen Rechtsanw\u00e4lte<\/title>\n<meta name=\"description\" content=\"Wir beraten Unternehmen unterschiedlicher inl\u00e4ndischer und ausl\u00e4ndischer Rechtsformen und Gr\u00f6\u00dfe, sowie deren inl\u00e4ndische und ausl\u00e4ndische Gesellschafter und Vertreter, wie auch Familien und einzelne Privatpersonen.\" \/>\n<meta name=\"robots\" content=\"index, follow, max-snippet:-1, max-image-preview:large, max-video-preview:-1\" \/>\n<link rel=\"canonical\" href=\"https:\/\/weltrecht.de\/de\/leistungen\/\" \/>\n<meta property=\"og:locale\" content=\"de_DE\" \/>\n<meta property=\"og:type\" content=\"article\" \/>\n<meta property=\"og:title\" content=\"Leistungen - Dr. Schwarz &amp; Collegen Rechtsanw\u00e4lte\" \/>\n<meta property=\"og:description\" content=\"Wir beraten Unternehmen unterschiedlicher inl\u00e4ndischer und ausl\u00e4ndischer Rechtsformen und Gr\u00f6\u00dfe, sowie deren inl\u00e4ndische und ausl\u00e4ndische Gesellschafter und Vertreter, wie auch Familien und einzelne Privatpersonen.\" \/>\n<meta property=\"og:url\" content=\"https:\/\/weltrecht.de\/de\/leistungen\/\" \/>\n<meta property=\"og:site_name\" content=\"deutsch\" \/>\n<meta property=\"article:modified_time\" content=\"2023-04-12T20:58:12+00:00\" \/>\n<meta name=\"twitter:card\" content=\"summary_large_image\" \/>\n<script type=\"application\/ld+json\" class=\"yoast-schema-graph\">{\"@context\":\"https:\/\/schema.org\",\"@graph\":[{\"@type\":\"WebSite\",\"@id\":\"https:\/\/weltrecht.de\/de\/#website\",\"url\":\"https:\/\/weltrecht.de\/de\/\",\"name\":\"deutsch\",\"description\":\"Eine weitere Weltrecht Websites Website\",\"potentialAction\":[{\"@type\":\"SearchAction\",\"target\":{\"@type\":\"EntryPoint\",\"urlTemplate\":\"https:\/\/weltrecht.de\/de\/?s={search_term_string}\"},\"query-input\":\"required name=search_term_string\"}],\"inLanguage\":\"de\"},{\"@type\":\"WebPage\",\"@id\":\"https:\/\/weltrecht.de\/de\/leistungen\/#webpage\",\"url\":\"https:\/\/weltrecht.de\/de\/leistungen\/\",\"name\":\"Leistungen - Dr. Schwarz & Collegen Rechtsanw\u00e4lte\",\"isPartOf\":{\"@id\":\"https:\/\/weltrecht.de\/de\/#website\"},\"datePublished\":\"2019-07-23T12:08:11+00:00\",\"dateModified\":\"2023-04-12T20:58:12+00:00\",\"description\":\"Wir beraten Unternehmen unterschiedlicher inl\u00e4ndischer und ausl\u00e4ndischer Rechtsformen und Gr\u00f6\u00dfe, sowie deren inl\u00e4ndische und ausl\u00e4ndische Gesellschafter und Vertreter, wie auch Familien und einzelne Privatpersonen.\",\"breadcrumb\":{\"@id\":\"https:\/\/weltrecht.de\/de\/leistungen\/#breadcrumb\"},\"inLanguage\":\"de\",\"potentialAction\":[{\"@type\":\"ReadAction\",\"target\":[\"https:\/\/weltrecht.de\/de\/leistungen\/\"]}]},{\"@type\":\"BreadcrumbList\",\"@id\":\"https:\/\/weltrecht.de\/de\/leistungen\/#breadcrumb\",\"itemListElement\":[{\"@type\":\"ListItem\",\"position\":1,\"name\":\"Startseite\",\"item\":\"https:\/\/weltrecht.de\/de\/\"},{\"@type\":\"ListItem\",\"position\":2,\"name\":\"Leistungen\"}]}]}<\/script>\n<!-- \/ Yoast SEO plugin. -->","yoast_head_json":{"title":"Leistungen - Dr. Schwarz & Collegen Rechtsanw\u00e4lte","description":"Wir beraten Unternehmen unterschiedlicher inl\u00e4ndischer und ausl\u00e4ndischer Rechtsformen und Gr\u00f6\u00dfe, sowie deren inl\u00e4ndische und ausl\u00e4ndische Gesellschafter und Vertreter, wie auch Familien und einzelne Privatpersonen.","robots":{"index":"index","follow":"follow","max-snippet":"max-snippet:-1","max-image-preview":"max-image-preview:large","max-video-preview":"max-video-preview:-1"},"canonical":"https:\/\/weltrecht.de\/de\/leistungen\/","og_locale":"de_DE","og_type":"article","og_title":"Leistungen - Dr. Schwarz & Collegen Rechtsanw\u00e4lte","og_description":"Wir beraten Unternehmen unterschiedlicher inl\u00e4ndischer und ausl\u00e4ndischer Rechtsformen und Gr\u00f6\u00dfe, sowie deren inl\u00e4ndische und ausl\u00e4ndische Gesellschafter und Vertreter, wie auch Familien und einzelne Privatpersonen.","og_url":"https:\/\/weltrecht.de\/de\/leistungen\/","og_site_name":"deutsch","article_modified_time":"2023-04-12T20:58:12+00:00","twitter_card":"summary_large_image","schema":{"@context":"https:\/\/schema.org","@graph":[{"@type":"WebSite","@id":"https:\/\/weltrecht.de\/de\/#website","url":"https:\/\/weltrecht.de\/de\/","name":"deutsch","description":"Eine weitere Weltrecht Websites Website","potentialAction":[{"@type":"SearchAction","target":{"@type":"EntryPoint","urlTemplate":"https:\/\/weltrecht.de\/de\/?s={search_term_string}"},"query-input":"required name=search_term_string"}],"inLanguage":"de"},{"@type":"WebPage","@id":"https:\/\/weltrecht.de\/de\/leistungen\/#webpage","url":"https:\/\/weltrecht.de\/de\/leistungen\/","name":"Leistungen - Dr. Schwarz & Collegen Rechtsanw\u00e4lte","isPartOf":{"@id":"https:\/\/weltrecht.de\/de\/#website"},"datePublished":"2019-07-23T12:08:11+00:00","dateModified":"2023-04-12T20:58:12+00:00","description":"Wir beraten Unternehmen unterschiedlicher inl\u00e4ndischer und ausl\u00e4ndischer Rechtsformen und Gr\u00f6\u00dfe, sowie deren inl\u00e4ndische und ausl\u00e4ndische Gesellschafter und Vertreter, wie auch Familien und einzelne Privatpersonen.","breadcrumb":{"@id":"https:\/\/weltrecht.de\/de\/leistungen\/#breadcrumb"},"inLanguage":"de","potentialAction":[{"@type":"ReadAction","target":["https:\/\/weltrecht.de\/de\/leistungen\/"]}]},{"@type":"BreadcrumbList","@id":"https:\/\/weltrecht.de\/de\/leistungen\/#breadcrumb","itemListElement":[{"@type":"ListItem","position":1,"name":"Startseite","item":"https:\/\/weltrecht.de\/de\/"},{"@type":"ListItem","position":2,"name":"Leistungen"}]}]}},"_links":{"self":[{"href":"https:\/\/weltrecht.de\/de\/wp-json\/wp\/v2\/pages\/23"}],"collection":[{"href":"https:\/\/weltrecht.de\/de\/wp-json\/wp\/v2\/pages"}],"about":[{"href":"https:\/\/weltrecht.de\/de\/wp-json\/wp\/v2\/types\/page"}],"author":[{"embeddable":true,"href":"https:\/\/weltrecht.de\/de\/wp-json\/wp\/v2\/users\/1"}],"replies":[{"embeddable":true,"href":"https:\/\/weltrecht.de\/de\/wp-json\/wp\/v2\/comments?post=23"}],"version-history":[{"count":5,"href":"https:\/\/weltrecht.de\/de\/wp-json\/wp\/v2\/pages\/23\/revisions"}],"predecessor-version":[{"id":246,"href":"https:\/\/weltrecht.de\/de\/wp-json\/wp\/v2\/pages\/23\/revisions\/246"}],"wp:attachment":[{"href":"https:\/\/weltrecht.de\/de\/wp-json\/wp\/v2\/media?parent=23"}],"curies":[{"name":"wp","href":"https:\/\/api.w.org\/{rel}","templated":true}]}}