{"id":7,"date":"2019-07-23T10:59:06","date_gmt":"2019-07-23T08:59:06","guid":{"rendered":"http:\/\/weltrecht.de\/?page_id=7"},"modified":"2022-03-12T23:04:06","modified_gmt":"2022-03-12T22:04:06","slug":"home","status":"publish","type":"page","link":"https:\/\/weltrecht.de\/de\/","title":{"rendered":"Kanzleiprofil"},"content":{"rendered":"<h3>Hallo<\/h3>\n<p>Lorem Ipsum<\/p>\n","protected":false},"excerpt":{"rendered":"<p>Hallo Lorem Ipsum<\/p>\n","protected":false},"author":1,"featured_media":0,"parent":0,"menu_order":0,"comment_status":"closed","ping_status":"closed","template":"","meta":[],"yoast_head":"<!-- This site is optimized with the Yoast SEO plugin v18.3 - https:\/\/yoast.com\/wordpress\/plugins\/seo\/ -->\n<title>Kanzleiprofil - Dr. Schwarz &amp; Collegen Rechtsanw\u00e4lte<\/title>\n<meta name=\"description\" content=\"Der Kern unserer T\u00e4tigkeit liegt in der vertrauensvollen Beratung von in- und ausl\u00e4ndischen Unternehmen und Unternehmern in Wirtschafts- und Steuerangelegenheiten.\" \/>\n<meta name=\"robots\" content=\"index, follow, max-snippet:-1, max-image-preview:large, max-video-preview:-1\" \/>\n<link rel=\"canonical\" href=\"https:\/\/weltrecht.de\/de\/\" \/>\n<meta property=\"og:locale\" content=\"de_DE\" \/>\n<meta property=\"og:type\" content=\"article\" \/>\n<meta property=\"og:title\" content=\"Kanzleiprofil - Dr. Schwarz &amp; Collegen Rechtsanw\u00e4lte\" \/>\n<meta property=\"og:description\" content=\"Der Kern unserer T\u00e4tigkeit liegt in der vertrauensvollen Beratung von in- und ausl\u00e4ndischen Unternehmen und Unternehmern in Wirtschafts- und Steuerangelegenheiten.\" \/>\n<meta property=\"og:url\" content=\"https:\/\/weltrecht.de\/de\/\" \/>\n<meta property=\"og:site_name\" content=\"deutsch\" \/>\n<meta property=\"article:modified_time\" content=\"2022-03-12T22:04:06+00:00\" \/>\n<meta name=\"twitter:card\" content=\"summary_large_image\" \/>\n<script type=\"application\/ld+json\" class=\"yoast-schema-graph\">{\"@context\":\"https:\/\/schema.org\",\"@graph\":[{\"@type\":\"WebSite\",\"@id\":\"https:\/\/weltrecht.de\/de\/#website\",\"url\":\"https:\/\/weltrecht.de\/de\/\",\"name\":\"deutsch\",\"description\":\"Eine weitere Weltrecht Websites Website\",\"potentialAction\":[{\"@type\":\"SearchAction\",\"target\":{\"@type\":\"EntryPoint\",\"urlTemplate\":\"https:\/\/weltrecht.de\/de\/?s={search_term_string}\"},\"query-input\":\"required name=search_term_string\"}],\"inLanguage\":\"de\"},{\"@type\":\"WebPage\",\"@id\":\"https:\/\/weltrecht.de\/de\/#webpage\",\"url\":\"https:\/\/weltrecht.de\/de\/\",\"name\":\"Kanzleiprofil - Dr. Schwarz & Collegen Rechtsanw\u00e4lte\",\"isPartOf\":{\"@id\":\"https:\/\/weltrecht.de\/de\/#website\"},\"datePublished\":\"2019-07-23T08:59:06+00:00\",\"dateModified\":\"2022-03-12T22:04:06+00:00\",\"description\":\"Der Kern unserer T\u00e4tigkeit liegt in der vertrauensvollen Beratung von in- und ausl\u00e4ndischen Unternehmen und Unternehmern in Wirtschafts- und Steuerangelegenheiten.\",\"breadcrumb\":{\"@id\":\"https:\/\/weltrecht.de\/de\/#breadcrumb\"},\"inLanguage\":\"de\",\"potentialAction\":[{\"@type\":\"ReadAction\",\"target\":[\"https:\/\/weltrecht.de\/de\/\"]}]},{\"@type\":\"BreadcrumbList\",\"@id\":\"https:\/\/weltrecht.de\/de\/#breadcrumb\",\"itemListElement\":[{\"@type\":\"ListItem\",\"position\":1,\"name\":\"Startseite\",\"item\":\"https:\/\/weltrecht.de\/de\/\"},{\"@type\":\"ListItem\",\"position\":2,\"name\":\"Kanzleiprofil\"}]}]}<\/script>\n<!-- \/ Yoast SEO plugin. -->","yoast_head_json":{"title":"Kanzleiprofil - Dr. Schwarz & Collegen Rechtsanw\u00e4lte","description":"Der Kern unserer T\u00e4tigkeit liegt in der vertrauensvollen Beratung von in- und ausl\u00e4ndischen Unternehmen und Unternehmern in Wirtschafts- und Steuerangelegenheiten.","robots":{"index":"index","follow":"follow","max-snippet":"max-snippet:-1","max-image-preview":"max-image-preview:large","max-video-preview":"max-video-preview:-1"},"canonical":"https:\/\/weltrecht.de\/de\/","og_locale":"de_DE","og_type":"article","og_title":"Kanzleiprofil - Dr. Schwarz & Collegen Rechtsanw\u00e4lte","og_description":"Der Kern unserer T\u00e4tigkeit liegt in der vertrauensvollen Beratung von in- und ausl\u00e4ndischen Unternehmen und Unternehmern in Wirtschafts- und Steuerangelegenheiten.","og_url":"https:\/\/weltrecht.de\/de\/","og_site_name":"deutsch","article_modified_time":"2022-03-12T22:04:06+00:00","twitter_card":"summary_large_image","schema":{"@context":"https:\/\/schema.org","@graph":[{"@type":"WebSite","@id":"https:\/\/weltrecht.de\/de\/#website","url":"https:\/\/weltrecht.de\/de\/","name":"deutsch","description":"Eine weitere Weltrecht Websites Website","potentialAction":[{"@type":"SearchAction","target":{"@type":"EntryPoint","urlTemplate":"https:\/\/weltrecht.de\/de\/?s={search_term_string}"},"query-input":"required name=search_term_string"}],"inLanguage":"de"},{"@type":"WebPage","@id":"https:\/\/weltrecht.de\/de\/#webpage","url":"https:\/\/weltrecht.de\/de\/","name":"Kanzleiprofil - Dr. Schwarz & Collegen Rechtsanw\u00e4lte","isPartOf":{"@id":"https:\/\/weltrecht.de\/de\/#website"},"datePublished":"2019-07-23T08:59:06+00:00","dateModified":"2022-03-12T22:04:06+00:00","description":"Der Kern unserer T\u00e4tigkeit liegt in der vertrauensvollen Beratung von in- und ausl\u00e4ndischen Unternehmen und Unternehmern in Wirtschafts- und Steuerangelegenheiten.","breadcrumb":{"@id":"https:\/\/weltrecht.de\/de\/#breadcrumb"},"inLanguage":"de","potentialAction":[{"@type":"ReadAction","target":["https:\/\/weltrecht.de\/de\/"]}]},{"@type":"BreadcrumbList","@id":"https:\/\/weltrecht.de\/de\/#breadcrumb","itemListElement":[{"@type":"ListItem","position":1,"name":"Startseite","item":"https:\/\/weltrecht.de\/de\/"},{"@type":"ListItem","position":2,"name":"Kanzleiprofil"}]}]}},"_links":{"self":[{"href":"https:\/\/weltrecht.de\/de\/wp-json\/wp\/v2\/pages\/7"}],"collection":[{"href":"https:\/\/weltrecht.de\/de\/wp-json\/wp\/v2\/pages"}],"about":[{"href":"https:\/\/weltrecht.de\/de\/wp-json\/wp\/v2\/types\/page"}],"author":[{"embeddable":true,"href":"https:\/\/weltrecht.de\/de\/wp-json\/wp\/v2\/users\/1"}],"replies":[{"embeddable":true,"href":"https:\/\/weltrecht.de\/de\/wp-json\/wp\/v2\/comments?post=7"}],"version-history":[{"count":2,"href":"https:\/\/weltrecht.de\/de\/wp-json\/wp\/v2\/pages\/7\/revisions"}],"predecessor-version":[{"id":181,"href":"https:\/\/weltrecht.de\/de\/wp-json\/wp\/v2\/pages\/7\/revisions\/181"}],"wp:attachment":[{"href":"https:\/\/weltrecht.de\/de\/wp-json\/wp\/v2\/media?parent=7"}],"curies":[{"name":"wp","href":"https:\/\/api.w.org\/{rel}","templated":true}]}}